{"id":2,"date":"2012-07-24T08:49:12","date_gmt":"2012-07-24T06:49:12","guid":{"rendered":"http:\/\/www.palazzorocca.it\/?page_id=2"},"modified":"2014-01-15T16:26:11","modified_gmt":"2014-01-15T15:26:11","slug":"home","status":"publish","type":"page","link":"https:\/\/www.palazzorocca.it\/","title":{"rendered":"Home"},"content":{"rendered":"<p><img loading=\"lazy\" class=\"wp-image-63  alignleft\" title=\"Palazzo Rocca\" alt=\"Palazzo Contarini Corf\u00f9\" src=\"http:\/\/www.palazzorocca.it\/wp-content\/uploads\/2012\/12\/PalazzoContarinidaiScrigni_EDITED.jpg\" width=\"193\" height=\"266\" \/><\/p>\n<p style=\"text-align: justify;\">Di tutti gli stupendi palazzi Veneziani che sembrano fluttuare nelle acque del Canal Grande, <strong>Palazzo Contarini Corf\u00f9<\/strong> spicca per la sua rara bellezza, illuminata da un\u2019impronta storica che ne fa un autentica rappresentazione del tipico stile gotico Veneziano. Palazzo Contarini Corf\u00f9 \u00e8 stato costruito alla fine del 1300 mentre nei primi anni del&#8217;600 fu eretto, come ampliamento del <strong>Palazzo Contarini Corf\u00f9<\/strong>, il secondo Palazzo detto <strong>\u201cdagli Scrigni\u201d<\/strong>. Fino al 1830 <strong>Palazzo Contarini Corf\u00f9 dagli Scrigni<\/strong> \u00e8 stato di propriet\u00e0 della Famiglia Contarini. Dal 1890 Palazzo Contarini Corf\u00f9 dagli Scrigni<strong> fu acquistato dalla Famiglia Rocca<\/strong>.<\/p>\n<p style=\"text-align: justify;\">Il <strong>Palazzo Rocca<\/strong> si affaccia sul Canal Grande, nel tratto compreso tra il Museo di Ca&#8217; Rezzonico e il Ponte dell\u2019Accademia, dove Venezia pi\u00f9 si rivela nel suo splendore.<\/p>\n<p style=\"text-align: justify;\">Arrivando a piedi, in gondola o in motoscafo, si pu\u00f2 accedere direttamente a Palazzo Rocca per una fondamenta esclusiva sul Rio di San Trovaso (lato Ovest del Palazzo) con un accesso acqueo o anche via Canal Grande grazie a un pontile privato, attraverso un ampio cortile interno e un tipico androne gotico si sale al Piano Nobile attraverso uno splendido scalone a volta, verrete accolti nei saloni arredati in antico stile del &#8216;700, pronti a portarvi in un&#8217;atmosfera romantica e suggestiva di altri tempi come negli antichi fasti Veneziani.<\/p>\n<p style=\"text-align: justify;\">Siamo lieti di farvi rivivere l&#8217;atmosfera delle antiche Famiglie Dogali e Patrizie che hanno vissuto e soggiornato in questa dimora storica.<\/p>\n<p style=\"text-align: justify;\">Un luogo unico e magico che regala la sensazione pi\u00f9 emozionante e rara che un ospite possa vivere a Venezia: quella di sentirsi un Doge o una Dogaressa tra le dimore pi\u00f9 preziose e uniche della citt\u00e0.<\/p>\n","protected":false},"excerpt":{"rendered":"<p>Di tutti gli stupendi palazzi Veneziani che sembrano fluttuare nelle acque del Canal Grande, Palazzo Contarini Corf\u00f9 spicca per la sua rara bellezza, illuminata da un\u2019impronta storica che ne fa un autentica rappresentazione del tipico stile gotico Veneziano. Palazzo Contarini &hellip; <a class=\"more-link\" href=\"https:\/\/www.palazzorocca.it\/\">Continua a leggere<span class=\"meta-nav\">&rarr;<\/span><\/a><\/p>\n","protected":false},"author":1,"featured_media":0,"parent":0,"menu_order":0,"comment_status":"closed","ping_status":"closed","template":"","meta":[],"_links":{"self":[{"href":"https:\/\/www.palazzorocca.it\/index.php?rest_route=\/wp\/v2\/pages\/2"}],"collection":[{"href":"https:\/\/www.palazzorocca.it\/index.php?rest_route=\/wp\/v2\/pages"}],"about":[{"href":"https:\/\/www.palazzorocca.it\/index.php?rest_route=\/wp\/v2\/types\/page"}],"author":[{"embeddable":true,"href":"https:\/\/www.palazzorocca.it\/index.php?rest_route=\/wp\/v2\/users\/1"}],"replies":[{"embeddable":true,"href":"https:\/\/www.palazzorocca.it\/index.php?rest_route=%2Fwp%2Fv2%2Fcomments&post=2"}],"version-history":[{"count":20,"href":"https:\/\/www.palazzorocca.it\/index.php?rest_route=\/wp\/v2\/pages\/2\/revisions"}],"predecessor-version":[{"id":179,"href":"https:\/\/www.palazzorocca.it\/index.php?rest_route=\/wp\/v2\/pages\/2\/revisions\/179"}],"wp:attachment":[{"href":"https:\/\/www.palazzorocca.it\/index.php?rest_route=%2Fwp%2Fv2%2Fmedia&parent=2"}],"curies":[{"name":"wp","href":"https:\/\/api.w.org\/{rel}","templated":true}]}}